{"id":1198,"date":"2026-02-28T09:08:53","date_gmt":"2026-02-28T08:08:53","guid":{"rendered":"https:\/\/qufablab.de\/?page_id=1198"},"modified":"2026-02-28T09:08:54","modified_gmt":"2026-02-28T08:08:54","slug":"spektrometer","status":"publish","type":"page","link":"https:\/\/qufablab.de\/en\/spektrometer\/","title":{"rendered":"Spektrometer"},"content":{"rendered":"\n<p> Unser HRW-FabLab Photospektrometer (LabSpec) ist ein low cost Spektrometer (~25\u20ac) f\u00fcr Lehre und einfachere Untersuchungen. Unter DIY-Quantenexperimente &#8211; Versuchsanleitungen, finden Sie eine detailierte Aufbauanleitung und Funktionsbeschreibung. Die folgenden 3D Geometrien werden unter der Lizenz: CC BY-NC-SA, ver\u00f6ffentlicht. Bei Fragen oder Anregungen schreiben Sie gerne an: michael.bennemann[at]hrw-fablab[dot]de. <\/p>\n\n\n\n<h4> Spektrometer_Unterseite <\/h4>\n\n\n\n<div class=\"wp-block-columns is-layout-flex wp-container-core-columns-is-layout-9d6595d7 wp-block-columns-is-layout-flex\">\n<div class=\"wp-block-column is-layout-flow wp-block-column-is-layout-flow\">\r\n        <div class=\"modelViewerBlock\" data-attributes='{&quot;align&quot;:&quot;center&quot;,&quot;uniqueId&quot;:&quot;model1061&quot;,&quot;currentViewer&quot;:&quot;O3DViewer&quot;,&quot;multiple&quot;:false,&quot;model&quot;:{&quot;modelUrl&quot;:&quot;https:\\\/\\\/qufablab.de\\\/wp-content\\\/uploads\\\/2026\\\/02\\\/Spektrometer_Unterseite.stl&quot;,&quot;poster&quot;:&quot;&quot;},&quot;O3DVSettings&quot;:{&quot;isFullscreen&quot;:true,&quot;isPagination&quot;:false,&quot;isNavigation&quot;:true,&quot;camera&quot;:null,&quot;mouseControl&quot;:true},&quot;models&quot;:[],&quot;lazyLoad&quot;:false,&quot;loading&quot;:&quot;auto&quot;,&quot;autoplay&quot;:false,&quot;shadow&quot;:true,&quot;autoRotate&quot;:false,&quot;zoom&quot;:true,&quot;isPagination&quot;:false,&quot;isNavigation&quot;:true,&quot;preload&quot;:&quot;auto&quot;,&quot;rotationPerSecond&quot;:&quot;30&quot;,&quot;mouseControl&quot;:true,&quot;fullscreen&quot;:true,&quot;variant&quot;:false,&quot;loadingPercentage&quot;:false,&quot;progressBar&quot;:true,&quot;rotate&quot;:false,&quot;rotateAlongX&quot;:&quot;0&quot;,&quot;rotateAlongY&quot;:&quot;75&quot;,&quot;exposure&quot;:&quot;1&quot;,&quot;styles&quot;:{&quot;width&quot;:&quot;100%&quot;,&quot;height&quot;:&quot;320px&quot;,&quot;bgColor&quot;:&quot;transparent&quot;,&quot;progressBarColor&quot;:&quot;&quot;},&quot;stylesheet&quot;:null,&quot;additional&quot;:{&quot;ID&quot;:&quot;&quot;,&quot;Class&quot;:&quot;&quot;,&quot;CSS&quot;:&quot;&quot;},&quot;animation&quot;:false,&quot;woo&quot;:false,&quot;selectedAnimation&quot;:&quot;&quot;}'><\/div>\r\n\r\n        \n<\/div>\n\n\n\n<div class=\"wp-block-column is-layout-flow wp-block-column-is-layout-flow\">\n<div style=\"border:1px solid #ccc; padding:20px; max-width:600px; margin-bottom:40px;\">\n\n  <p> In die Unterseite des Spektrometers werden die folgenden Teile eingebaut: Kamera, Beugungsgitter, Linse, Schlitzblende. <\/p> \n\n <h4> Download <\/h4>\n\n  <a href=\"https:\/\/qufablab.de\/wp-content\/uploads\/2026\/02\/Spektrometer_Unterseite.stl\" download style=\"display:inline-block; background:#0073aa; color:#fff; padding:12px 24px; margin-top:20px; text-decoration:none; border-radius:5px;\">\n    \u2b07\ufe0f STL herunterladen\n  <\/a>\n<\/div>\n<\/div>\n<\/div>\n\n\n\n<h4> Spektrometer_Oberseite <\/h4>\n\n\n\n<div class=\"wp-block-columns is-layout-flex wp-container-core-columns-is-layout-9d6595d7 wp-block-columns-is-layout-flex\">\n<div class=\"wp-block-column is-layout-flow wp-block-column-is-layout-flow\">\r\n        <div class=\"modelViewerBlock\" data-attributes='{&quot;align&quot;:&quot;center&quot;,&quot;uniqueId&quot;:&quot;model1062&quot;,&quot;currentViewer&quot;:&quot;O3DViewer&quot;,&quot;multiple&quot;:false,&quot;model&quot;:{&quot;modelUrl&quot;:&quot;https:\\\/\\\/qufablab.de\\\/wp-content\\\/uploads\\\/2026\\\/02\\\/Spektrometer_Oberseite.stl&quot;,&quot;poster&quot;:&quot;&quot;},&quot;O3DVSettings&quot;:{&quot;isFullscreen&quot;:true,&quot;isPagination&quot;:false,&quot;isNavigation&quot;:true,&quot;camera&quot;:null,&quot;mouseControl&quot;:true},&quot;models&quot;:[],&quot;lazyLoad&quot;:false,&quot;loading&quot;:&quot;auto&quot;,&quot;autoplay&quot;:false,&quot;shadow&quot;:true,&quot;autoRotate&quot;:false,&quot;zoom&quot;:true,&quot;isPagination&quot;:false,&quot;isNavigation&quot;:true,&quot;preload&quot;:&quot;auto&quot;,&quot;rotationPerSecond&quot;:&quot;30&quot;,&quot;mouseControl&quot;:true,&quot;fullscreen&quot;:true,&quot;variant&quot;:false,&quot;loadingPercentage&quot;:false,&quot;progressBar&quot;:true,&quot;rotate&quot;:false,&quot;rotateAlongX&quot;:&quot;0&quot;,&quot;rotateAlongY&quot;:&quot;75&quot;,&quot;exposure&quot;:&quot;1&quot;,&quot;styles&quot;:{&quot;width&quot;:&quot;100%&quot;,&quot;height&quot;:&quot;320px&quot;,&quot;bgColor&quot;:&quot;transparent&quot;,&quot;progressBarColor&quot;:&quot;&quot;},&quot;stylesheet&quot;:null,&quot;additional&quot;:{&quot;ID&quot;:&quot;&quot;,&quot;Class&quot;:&quot;&quot;,&quot;CSS&quot;:&quot;&quot;},&quot;animation&quot;:false,&quot;woo&quot;:false,&quot;selectedAnimation&quot;:&quot;&quot;}'><\/div>\r\n\r\n        \n<\/div>\n\n\n\n<div class=\"wp-block-column is-layout-flow wp-block-column-is-layout-flow\">\n<div style=\"border:1px solid #ccc; padding:20px; max-width:600px; margin-bottom:40px;\">\n\n  <p> Die Oberseite des Spektrometers kann mittels Lego-Verbindern auf der Unterseite montiert werden. <\/p> \n\n <h4> Download <\/h4>\n\n  <a href=\"https:\/\/qufablab.de\/wp-content\/uploads\/2026\/02\/Spektrometer_Oberseite.stl\" download style=\"display:inline-block; background:#0073aa; color:#fff; padding:12px 24px; margin-top:20px; text-decoration:none; border-radius:5px;\">\n    \u2b07\ufe0f STL herunterladen\n  <\/a>\n<\/div>\n<\/div>\n<\/div>\n\n\n\n<h4> Spektrometer_Halter_Beugungsgitter <\/h4>\n\n\n\n<div class=\"wp-block-columns is-layout-flex wp-container-core-columns-is-layout-9d6595d7 wp-block-columns-is-layout-flex\">\n<div class=\"wp-block-column is-layout-flow wp-block-column-is-layout-flow\">\r\n        <div class=\"modelViewerBlock\" data-attributes='{&quot;align&quot;:&quot;center&quot;,&quot;uniqueId&quot;:&quot;model1064&quot;,&quot;currentViewer&quot;:&quot;O3DViewer&quot;,&quot;multiple&quot;:false,&quot;model&quot;:{&quot;modelUrl&quot;:&quot;https:\\\/\\\/qufablab.de\\\/wp-content\\\/uploads\\\/2026\\\/02\\\/DIY_Diarahmen_35x35_v4.stl&quot;,&quot;poster&quot;:&quot;&quot;},&quot;O3DVSettings&quot;:{&quot;isFullscreen&quot;:true,&quot;isPagination&quot;:false,&quot;isNavigation&quot;:true,&quot;camera&quot;:null,&quot;mouseControl&quot;:true},&quot;models&quot;:[],&quot;lazyLoad&quot;:false,&quot;loading&quot;:&quot;auto&quot;,&quot;autoplay&quot;:false,&quot;shadow&quot;:true,&quot;autoRotate&quot;:false,&quot;zoom&quot;:true,&quot;isPagination&quot;:false,&quot;isNavigation&quot;:true,&quot;preload&quot;:&quot;auto&quot;,&quot;rotationPerSecond&quot;:&quot;30&quot;,&quot;mouseControl&quot;:true,&quot;fullscreen&quot;:true,&quot;variant&quot;:false,&quot;loadingPercentage&quot;:false,&quot;progressBar&quot;:true,&quot;rotate&quot;:false,&quot;rotateAlongX&quot;:&quot;0&quot;,&quot;rotateAlongY&quot;:&quot;75&quot;,&quot;exposure&quot;:&quot;1&quot;,&quot;styles&quot;:{&quot;width&quot;:&quot;100%&quot;,&quot;height&quot;:&quot;320px&quot;,&quot;bgColor&quot;:&quot;transparent&quot;,&quot;progressBarColor&quot;:&quot;&quot;},&quot;stylesheet&quot;:null,&quot;additional&quot;:{&quot;ID&quot;:&quot;&quot;,&quot;Class&quot;:&quot;&quot;,&quot;CSS&quot;:&quot;&quot;},&quot;animation&quot;:false,&quot;woo&quot;:false,&quot;selectedAnimation&quot;:&quot;&quot;}'><\/div>\r\n\r\n        \n<\/div>\n\n\n\n<div class=\"wp-block-column is-layout-flow wp-block-column-is-layout-flow\">\n<div style=\"border:1px solid #ccc; padding:20px; max-width:600px; margin-bottom:40px;\">\n\n  <p> In diesen zweiteiligen Halter wird eine Beugungsfolie mit 1000 Linien pro Millimeter eingeklemmt und der Halter in die Unterseite des Spektrometers eingesetzt. Orientieren Sie die Beugungsfolie so, dass die Linien in Richtung des Pfeils der Halterung verlaufen. Stecken Sie den Halter so in die Unterseite des Spektrometers, dass der Pfeil nach oben zeigt.  <\/p> \n\n <h4> Download <\/h4>\n\n  <a href=\"https:\/\/qufablab.de\/wp-content\/uploads\/2026\/02\/DIY_Diarahmen_35x35_v4.stl\" download style=\"display:inline-block; background:#0073aa; color:#fff; padding:12px 24px; margin-top:20px; text-decoration:none; border-radius:5px;\">\n    \u2b07\ufe0f STL herunterladen\n  <\/a>\n<\/div>\n<\/div>\n<\/div>\n\n\n\n<h4> Spektrometer_Schlitzblende_200\u00b5m <\/h4>\n\n\n\n<div class=\"wp-block-columns is-layout-flex wp-container-core-columns-is-layout-9d6595d7 wp-block-columns-is-layout-flex\">\n<div class=\"wp-block-column is-layout-flow wp-block-column-is-layout-flow\">\r\n        <div class=\"modelViewerBlock\" data-attributes='{&quot;align&quot;:&quot;center&quot;,&quot;uniqueId&quot;:&quot;model1065&quot;,&quot;currentViewer&quot;:&quot;O3DViewer&quot;,&quot;multiple&quot;:false,&quot;model&quot;:{&quot;modelUrl&quot;:&quot;https:\\\/\\\/qufablab.de\\\/wp-content\\\/uploads\\\/2026\\\/02\\\/Schlitzblende_0p2_10mm_19p70.stl&quot;,&quot;poster&quot;:&quot;&quot;},&quot;O3DVSettings&quot;:{&quot;isFullscreen&quot;:true,&quot;isPagination&quot;:false,&quot;isNavigation&quot;:true,&quot;camera&quot;:null,&quot;mouseControl&quot;:true},&quot;models&quot;:[],&quot;lazyLoad&quot;:false,&quot;loading&quot;:&quot;auto&quot;,&quot;autoplay&quot;:false,&quot;shadow&quot;:true,&quot;autoRotate&quot;:false,&quot;zoom&quot;:true,&quot;isPagination&quot;:false,&quot;isNavigation&quot;:true,&quot;preload&quot;:&quot;auto&quot;,&quot;rotationPerSecond&quot;:&quot;30&quot;,&quot;mouseControl&quot;:true,&quot;fullscreen&quot;:true,&quot;variant&quot;:false,&quot;loadingPercentage&quot;:false,&quot;progressBar&quot;:true,&quot;rotate&quot;:false,&quot;rotateAlongX&quot;:&quot;0&quot;,&quot;rotateAlongY&quot;:&quot;75&quot;,&quot;exposure&quot;:&quot;1&quot;,&quot;styles&quot;:{&quot;width&quot;:&quot;100%&quot;,&quot;height&quot;:&quot;320px&quot;,&quot;bgColor&quot;:&quot;transparent&quot;,&quot;progressBarColor&quot;:&quot;&quot;},&quot;stylesheet&quot;:null,&quot;additional&quot;:{&quot;ID&quot;:&quot;&quot;,&quot;Class&quot;:&quot;&quot;,&quot;CSS&quot;:&quot;&quot;},&quot;animation&quot;:false,&quot;woo&quot;:false,&quot;selectedAnimation&quot;:&quot;&quot;}'><\/div>\r\n\r\n        \n<\/div>\n\n\n\n<div class=\"wp-block-column is-layout-flow wp-block-column-is-layout-flow\">\n<div style=\"border:1px solid #ccc; padding:20px; max-width:600px; margin-bottom:40px;\">\n\n  <p> Die Schlitzblende kann 3D gedruckt oder mit einem Lasercutter erstellt werden. Hier k\u00f6nnen Sie zwei Schlitzblenden mit unterschiedlicher Schlitzbreite runterladen. Probieren Sie aus mit welcher Datei Sie bessere Resultate erziehlen. Erstrebenswert ist ein m\u00f6glichst schmaler gleichm\u00e4\u00dfiger Schlitz. Eine Noozle mit 0,2 mm Durchmesser kann zu besseren Ergebnissen f\u00fchren. Zum Lasercutten schneiden Sie aus schwarzem 1 mm dickem Plexiglas ein Quadat mit 19.6 mm Kantenl\u00e4nge und einem m\u00f6glichst d\u00fcnnem Schlitz in der Mitte von 10 mm L\u00e4nge aus. <\/p> \n\n <h4> Download <\/h4>\n\n  <a href=\"https:\/\/qufablab.de\/wp-content\/uploads\/2026\/02\/Schlitzblende_0p2_10mm_19p70.stl\" download style=\"display:inline-block; background:#0073aa; color:#fff; padding:12px 24px; margin-top:20px; text-decoration:none; border-radius:5px;\">\n    \u2b07\ufe0f STL herunterladen\n  <\/a>\n<\/div>\n<\/div>\n<\/div>\n\n\n\n<h4> Spektrometer_Schlitzblende_100\u00b5m <\/h4>\n\n\n\n<div class=\"wp-block-columns is-layout-flex wp-container-core-columns-is-layout-9d6595d7 wp-block-columns-is-layout-flex\">\n<div class=\"wp-block-column is-layout-flow wp-block-column-is-layout-flow\">\r\n        <div class=\"modelViewerBlock\" data-attributes='{&quot;align&quot;:&quot;center&quot;,&quot;uniqueId&quot;:&quot;model1066&quot;,&quot;currentViewer&quot;:&quot;O3DViewer&quot;,&quot;multiple&quot;:false,&quot;model&quot;:{&quot;modelUrl&quot;:&quot;https:\\\/\\\/qufablab.de\\\/wp-content\\\/uploads\\\/2026\\\/02\\\/Schlitzblende_0p1_10mm_19p70.stl&quot;,&quot;poster&quot;:&quot;&quot;},&quot;O3DVSettings&quot;:{&quot;isFullscreen&quot;:true,&quot;isPagination&quot;:false,&quot;isNavigation&quot;:true,&quot;camera&quot;:null,&quot;mouseControl&quot;:true},&quot;models&quot;:[],&quot;lazyLoad&quot;:false,&quot;loading&quot;:&quot;auto&quot;,&quot;autoplay&quot;:false,&quot;shadow&quot;:true,&quot;autoRotate&quot;:false,&quot;zoom&quot;:true,&quot;isPagination&quot;:false,&quot;isNavigation&quot;:true,&quot;preload&quot;:&quot;auto&quot;,&quot;rotationPerSecond&quot;:&quot;30&quot;,&quot;mouseControl&quot;:true,&quot;fullscreen&quot;:true,&quot;variant&quot;:false,&quot;loadingPercentage&quot;:false,&quot;progressBar&quot;:true,&quot;rotate&quot;:false,&quot;rotateAlongX&quot;:&quot;0&quot;,&quot;rotateAlongY&quot;:&quot;75&quot;,&quot;exposure&quot;:&quot;1&quot;,&quot;styles&quot;:{&quot;width&quot;:&quot;100%&quot;,&quot;height&quot;:&quot;320px&quot;,&quot;bgColor&quot;:&quot;transparent&quot;,&quot;progressBarColor&quot;:&quot;&quot;},&quot;stylesheet&quot;:null,&quot;additional&quot;:{&quot;ID&quot;:&quot;&quot;,&quot;Class&quot;:&quot;&quot;,&quot;CSS&quot;:&quot;&quot;},&quot;animation&quot;:false,&quot;woo&quot;:false,&quot;selectedAnimation&quot;:&quot;&quot;}'><\/div>\r\n\r\n        \n<\/div>\n\n\n\n<div class=\"wp-block-column is-layout-flow wp-block-column-is-layout-flow\">\n<div style=\"border:1px solid #ccc; padding:20px; max-width:600px; margin-bottom:40px;\">\n\n  <p> siehe Schlitzblende 200\u00b5m <\/p> \n\n <h4> Download <\/h4>\n\n  <a href=\"https:\/\/qufablab.de\/wp-content\/uploads\/2026\/02\/Schlitzblende_0p1_10mm_19p70.stl\" download style=\"display:inline-block; background:#0073aa; color:#fff; padding:12px 24px; margin-top:20px; text-decoration:none; border-radius:5px;\">\n    \u2b07\ufe0f STL herunterladen\n  <\/a>\n<\/div>\n<\/div>\n<\/div>\n\n\n\n<h4> Spektrometer_Linsenhalter <\/h4>\n\n\n\n<div class=\"wp-block-columns is-layout-flex wp-container-core-columns-is-layout-9d6595d7 wp-block-columns-is-layout-flex\">\n<div class=\"wp-block-column is-layout-flow wp-block-column-is-layout-flow\">\r\n        <div class=\"modelViewerBlock\" data-attributes='{&quot;align&quot;:&quot;center&quot;,&quot;uniqueId&quot;:&quot;model1063&quot;,&quot;currentViewer&quot;:&quot;O3DViewer&quot;,&quot;multiple&quot;:false,&quot;model&quot;:{&quot;modelUrl&quot;:&quot;https:\\\/\\\/qufablab.de\\\/wp-content\\\/uploads\\\/2026\\\/02\\\/AdapterLinsen25mm_aussen_35x35.stl&quot;,&quot;poster&quot;:&quot;&quot;},&quot;O3DVSettings&quot;:{&quot;isFullscreen&quot;:true,&quot;isPagination&quot;:false,&quot;isNavigation&quot;:true,&quot;camera&quot;:null,&quot;mouseControl&quot;:true},&quot;models&quot;:[],&quot;lazyLoad&quot;:false,&quot;loading&quot;:&quot;auto&quot;,&quot;autoplay&quot;:false,&quot;shadow&quot;:true,&quot;autoRotate&quot;:false,&quot;zoom&quot;:true,&quot;isPagination&quot;:false,&quot;isNavigation&quot;:true,&quot;preload&quot;:&quot;auto&quot;,&quot;rotationPerSecond&quot;:&quot;30&quot;,&quot;mouseControl&quot;:true,&quot;fullscreen&quot;:true,&quot;variant&quot;:false,&quot;loadingPercentage&quot;:false,&quot;progressBar&quot;:true,&quot;rotate&quot;:false,&quot;rotateAlongX&quot;:&quot;0&quot;,&quot;rotateAlongY&quot;:&quot;75&quot;,&quot;exposure&quot;:&quot;1&quot;,&quot;styles&quot;:{&quot;width&quot;:&quot;100%&quot;,&quot;height&quot;:&quot;320px&quot;,&quot;bgColor&quot;:&quot;transparent&quot;,&quot;progressBarColor&quot;:&quot;&quot;},&quot;stylesheet&quot;:null,&quot;additional&quot;:{&quot;ID&quot;:&quot;&quot;,&quot;Class&quot;:&quot;&quot;,&quot;CSS&quot;:&quot;&quot;},&quot;animation&quot;:false,&quot;woo&quot;:false,&quot;selectedAnimation&quot;:&quot;&quot;}'><\/div>\r\n\r\n        \n<\/div>\n\n\n\n<div class=\"wp-block-column is-layout-flow wp-block-column-is-layout-flow\">\n<div style=\"border:1px solid #ccc; padding:20px; max-width:600px; margin-bottom:40px;\">\n\n  <p> In diesen zweiteiligen Halter wird die Linse eingesetzt. <\/p> \n\n <h4> Download <\/h4>\n\n  <a href=\"https:\/\/qufablab.de\/wp-content\/uploads\/2026\/02\/AdapterLinsen25mm_aussen_35x35.stl\" download style=\"display:inline-block; background:#0073aa; color:#fff; padding:12px 24px; margin-top:20px; text-decoration:none; border-radius:5px;\">\n    \u2b07\ufe0f STL herunterladen\n  <\/a>\n<\/div>\n<\/div>\n<\/div>\n","protected":false},"excerpt":{"rendered":"<p>Unser HRW-FabLab Photospektrometer (LabSpec) ist ein low cost Spektrometer (~25\u20ac) f\u00fcr Lehre und einfachere Untersuchungen. Unter DIY-Quantenexperimente &#8211; Versuchsanleitungen, finden Sie eine detailierte Aufbauanleitung und Funktionsbeschreibung. Die folgenden 3D Geometrien werden unter der Lizenz: CC BY-NC-SA, ver\u00f6ffentlicht. Bei Fragen oder Anregungen schreiben Sie gerne an: michael.bennemann[at]hrw-fablab[dot]de. Spektrometer_Unterseite In die Unterseite des Spektrometers werden die folgenden [&hellip;]<\/p>\n","protected":false},"author":6,"featured_media":0,"parent":0,"menu_order":0,"comment_status":"closed","ping_status":"closed","template":"","meta":{"footnotes":""},"folder":[],"class_list":["post-1198","page","type-page","status-publish","czr-hentry"],"_links":{"self":[{"href":"https:\/\/qufablab.de\/en\/wp-json\/wp\/v2\/pages\/1198","targetHints":{"allow":["GET"]}}],"collection":[{"href":"https:\/\/qufablab.de\/en\/wp-json\/wp\/v2\/pages"}],"about":[{"href":"https:\/\/qufablab.de\/en\/wp-json\/wp\/v2\/types\/page"}],"author":[{"embeddable":true,"href":"https:\/\/qufablab.de\/en\/wp-json\/wp\/v2\/users\/6"}],"replies":[{"embeddable":true,"href":"https:\/\/qufablab.de\/en\/wp-json\/wp\/v2\/comments?post=1198"}],"version-history":[{"count":1,"href":"https:\/\/qufablab.de\/en\/wp-json\/wp\/v2\/pages\/1198\/revisions"}],"predecessor-version":[{"id":1199,"href":"https:\/\/qufablab.de\/en\/wp-json\/wp\/v2\/pages\/1198\/revisions\/1199"}],"wp:attachment":[{"href":"https:\/\/qufablab.de\/en\/wp-json\/wp\/v2\/media?parent=1198"}],"wp:term":[{"taxonomy":"folder","embeddable":true,"href":"https:\/\/qufablab.de\/en\/wp-json\/wp\/v2\/folder?post=1198"}],"curies":[{"name":"wp","href":"https:\/\/api.w.org\/{rel}","templated":true}]}}